{"id":172,"date":"2021-04-27T15:37:24","date_gmt":"2021-04-27T15:37:24","guid":{"rendered":"https:\/\/pcconcept.fr\/?page_id=172"},"modified":"2021-06-22T15:24:06","modified_gmt":"2021-06-22T15:24:06","slug":"assistance","status":"publish","type":"page","link":"https:\/\/pcconcept.fr\/index.php\/assistance\/","title":{"rendered":"Assistance"},"content":{"rendered":"\n<p>Vous \u00eates un professionnel, et vous avez besoin d&rsquo;aide sur votre poste client cliquez ici pour t\u00e9l\u00e9charger TeamViewer Quick Support. Une fois TeamViewer t\u00e9l\u00e9charg\u00e9 donnez votre identifiant et mots de passe \u00e0 un de nos techniciens certifi\u00e9s au t\u00e9l\u00e9phone pour continuer la prise en main \u00e0 distance.<\/p>\n\n\n\n<p><\/p>\n\n\n\n<div class=\"wp-block-buttons is-layout-flex wp-block-buttons-is-layout-flex\">\n<div class=\"wp-block-button\"><a class=\"wp-block-button__link\" href=\"https:\/\/www.teamviewer.com\/fr\/info\/quicksupport\/\" target=\"_blank\" rel=\"noreferrer noopener\">Cliquez ici pour commencer la prise en main a distance<\/a><\/div>\n<\/div>\n\n\n\n<p><\/p>\n\n\n\n<p>Attention au scam, pub et ne donnez pas la prise en main de votre ordinateur \u00e0 n&rsquo;importe qui ! Contactez des professionnels au 04.75.40.58.45.<\/p>\n\n\n\n<figure class=\"wp-block-gallery columns-3 is-cropped wp-block-gallery-1 is-layout-flex wp-block-gallery-is-layout-flex\"><ul class=\"blocks-gallery-grid\"><li class=\"blocks-gallery-item\"><figure><img loading=\"lazy\" decoding=\"async\" width=\"1024\" height=\"768\" src=\"http:\/\/pcconcept.fr\/wp-content\/uploads\/2021\/04\/IMG_3663-1-1024x768.jpg\" alt=\"\" data-id=\"224\" data-link=\"http:\/\/pcconcept.fr\/index.php\/assistance\/img_3663-1\/\" class=\"wp-image-224\" srcset=\"https:\/\/pcconcept.fr\/wp-content\/uploads\/2021\/04\/IMG_3663-1-1024x768.jpg 1024w, https:\/\/pcconcept.fr\/wp-content\/uploads\/2021\/04\/IMG_3663-1-300x225.jpg 300w, https:\/\/pcconcept.fr\/wp-content\/uploads\/2021\/04\/IMG_3663-1-768x576.jpg 768w, https:\/\/pcconcept.fr\/wp-content\/uploads\/2021\/04\/IMG_3663-1.jpg 1500w\" sizes=\"auto, (max-width: 1024px) 100vw, 1024px\" \/><\/figure><\/li><li class=\"blocks-gallery-item\"><figure><img loading=\"lazy\" decoding=\"async\" width=\"1024\" height=\"768\" src=\"http:\/\/pcconcept.fr\/wp-content\/uploads\/2021\/04\/IMG_3665-1-1024x768.jpg\" alt=\"\" data-id=\"223\" data-link=\"http:\/\/pcconcept.fr\/index.php\/assistance\/img_3665-1\/\" class=\"wp-image-223\" srcset=\"https:\/\/pcconcept.fr\/wp-content\/uploads\/2021\/04\/IMG_3665-1-1024x768.jpg 1024w, https:\/\/pcconcept.fr\/wp-content\/uploads\/2021\/04\/IMG_3665-1-300x225.jpg 300w, https:\/\/pcconcept.fr\/wp-content\/uploads\/2021\/04\/IMG_3665-1-768x576.jpg 768w, https:\/\/pcconcept.fr\/wp-content\/uploads\/2021\/04\/IMG_3665-1.jpg 1500w\" sizes=\"auto, (max-width: 1024px) 100vw, 1024px\" \/><\/figure><\/li><li class=\"blocks-gallery-item\"><figure><img loading=\"lazy\" decoding=\"async\" width=\"1024\" height=\"453\" src=\"http:\/\/pcconcept.fr\/wp-content\/uploads\/2021\/04\/IMG_3662-1-1024x453.jpg\" alt=\"\" data-id=\"229\" data-link=\"http:\/\/pcconcept.fr\/index.php\/assistance\/img_3662-1\/\" class=\"wp-image-229\" srcset=\"https:\/\/pcconcept.fr\/wp-content\/uploads\/2021\/04\/IMG_3662-1-1024x453.jpg 1024w, https:\/\/pcconcept.fr\/wp-content\/uploads\/2021\/04\/IMG_3662-1-300x133.jpg 300w, https:\/\/pcconcept.fr\/wp-content\/uploads\/2021\/04\/IMG_3662-1-768x339.jpg 768w, https:\/\/pcconcept.fr\/wp-content\/uploads\/2021\/04\/IMG_3662-1.jpg 1500w\" sizes=\"auto, (max-width: 1024px) 100vw, 1024px\" \/><\/figure><\/li><li class=\"blocks-gallery-item\"><figure><img loading=\"lazy\" decoding=\"async\" width=\"1024\" height=\"685\" src=\"http:\/\/pcconcept.fr\/wp-content\/uploads\/2021\/04\/IMG_3664-2-1024x685.jpg\" alt=\"\" data-id=\"230\" data-link=\"http:\/\/pcconcept.fr\/index.php\/assistance\/img_3664-2\/\" class=\"wp-image-230\" srcset=\"https:\/\/pcconcept.fr\/wp-content\/uploads\/2021\/04\/IMG_3664-2-1024x685.jpg 1024w, https:\/\/pcconcept.fr\/wp-content\/uploads\/2021\/04\/IMG_3664-2-300x201.jpg 300w, https:\/\/pcconcept.fr\/wp-content\/uploads\/2021\/04\/IMG_3664-2-768x514.jpg 768w, https:\/\/pcconcept.fr\/wp-content\/uploads\/2021\/04\/IMG_3664-2.jpg 1500w\" sizes=\"auto, (max-width: 1024px) 100vw, 1024px\" \/><\/figure><\/li><li class=\"blocks-gallery-item\"><figure><img loading=\"lazy\" decoding=\"async\" width=\"1024\" height=\"461\" src=\"http:\/\/pcconcept.fr\/wp-content\/uploads\/2021\/04\/IMG_3661-1-1024x461.jpg\" alt=\"\" data-id=\"233\" data-link=\"http:\/\/pcconcept.fr\/index.php\/assistance\/img_3661-1\/\" class=\"wp-image-233\" srcset=\"https:\/\/pcconcept.fr\/wp-content\/uploads\/2021\/04\/IMG_3661-1-1024x461.jpg 1024w, https:\/\/pcconcept.fr\/wp-content\/uploads\/2021\/04\/IMG_3661-1-300x135.jpg 300w, https:\/\/pcconcept.fr\/wp-content\/uploads\/2021\/04\/IMG_3661-1-768x346.jpg 768w, https:\/\/pcconcept.fr\/wp-content\/uploads\/2021\/04\/IMG_3661-1.jpg 1500w\" sizes=\"auto, (max-width: 1024px) 100vw, 1024px\" \/><\/figure><\/li><\/ul><\/figure>\n\n\n\n<p><\/p>\n","protected":false},"excerpt":{"rendered":"<p class=\"qua-blog-post-description\">Vous \u00eates un professionnel, et vous avez besoin d&rsquo;aide sur votre poste client cliquez ici pour t\u00e9l\u00e9charger TeamViewer Quick Support. Une fois TeamViewer t\u00e9l\u00e9charg\u00e9 donnez votre identifiant et mots de passe \u00e0 un de nos techniciens certifi\u00e9s au t\u00e9l\u00e9phone pour continuer la prise en main \u00e0 distance. Attention au scam, pub et ne donnez pas [&hellip;]<\/p>\n","protected":false},"author":1,"featured_media":0,"parent":0,"menu_order":0,"comment_status":"closed","ping_status":"closed","template":"","meta":{"footnotes":""},"class_list":["post-172","page","type-page","status-publish","hentry"],"_links":{"self":[{"href":"https:\/\/pcconcept.fr\/index.php\/wp-json\/wp\/v2\/pages\/172","targetHints":{"allow":["GET"]}}],"collection":[{"href":"https:\/\/pcconcept.fr\/index.php\/wp-json\/wp\/v2\/pages"}],"about":[{"href":"https:\/\/pcconcept.fr\/index.php\/wp-json\/wp\/v2\/types\/page"}],"author":[{"embeddable":true,"href":"https:\/\/pcconcept.fr\/index.php\/wp-json\/wp\/v2\/users\/1"}],"replies":[{"embeddable":true,"href":"https:\/\/pcconcept.fr\/index.php\/wp-json\/wp\/v2\/comments?post=172"}],"version-history":[{"count":12,"href":"https:\/\/pcconcept.fr\/index.php\/wp-json\/wp\/v2\/pages\/172\/revisions"}],"predecessor-version":[{"id":259,"href":"https:\/\/pcconcept.fr\/index.php\/wp-json\/wp\/v2\/pages\/172\/revisions\/259"}],"wp:attachment":[{"href":"https:\/\/pcconcept.fr\/index.php\/wp-json\/wp\/v2\/media?parent=172"}],"curies":[{"name":"wp","href":"https:\/\/api.w.org\/{rel}","templated":true}]}}